{"id":148,"date":"2024-02-21T00:24:19","date_gmt":"2024-02-20T23:24:19","guid":{"rendered":"https:\/\/bewegungsfreiheit.ch\/arguments\/"},"modified":"2024-03-18T00:33:36","modified_gmt":"2024-03-17T23:33:36","slug":"arguments","status":"publish","type":"page","link":"https:\/\/bewegungsfreiheit.ch\/fr\/referendum-pour-la-liberte-de-mouvement\/arguments\/","title":{"rendered":"Arguments"},"content":{"rendered":"\n<h2 class=\"wp-block-heading visually-hidden\">Arguments<\/h2>\n\n<h1 class=\"wp-block-heading\">Arguments<\/h1>\n\n<ul class=\"bmvi-toc wp-block-list\">\n<li><a href=\"#letting-die\">300 millions pour laisser mourir les personnes aux fronti\u00e8res ext\u00e9rieures de l\u2019Europe? <\/a><\/li>\n\n\n\n<li><a href=\"#fortress-europe\">300 millions pour isoler l\u2019Europe?<\/a><\/li>\n\n\n\n<li><a href=\"#police-brutality\">300 millions pour soutenir les violences polici\u00e8res?<\/a><\/li>\n\n\n\n<li><a href=\"#racist-exclusion\">300 millions pour un syst\u00e8me d\u2019exclusion raciste?<\/a><\/li>\n\n\n\n<li><a href=\"#colonial-continuities\">300 millions pour les continuit\u00e9s coloniales?<\/a><\/li>\n\n\n\n<li><a href=\"#freedom-of-movement\">300 millions pour la libre circulation et la libert\u00e9 de rester pour tou\u00b7te\u00b7s.<\/a><\/li>\n\n\n\n<li><a href=\"#climate-justice\">300 millions pour la justice climatique.<\/a><\/li>\n<\/ul>\n\n<p>L\u2019argent du fonds BMVI finance la politique de cloisonnement de l\u2019Europe Au total, les \u00c9tats Schengen ont vers\u00e9 6,24 milliards d\u2019euros dans le fonds BMVI (Border Management and Visa Policy Instrument). De 2021 \u00e0 2027, ce fonds permettra de financer de nouveaux projets de d\u00e9fense des fronti\u00e8res. Le fonds BMVI est le troisi\u00e8me instrument financier de ce type. L\u2019objectif reste le cloisonnement raciste de l\u2019Europe. Le Parlement d\u00e9cidera mi-mars si la Suisse, en tant qu\u2019\u00c9tat associ\u00e9 \u00e0 Schengen, participera \u00e0 hauteur de 300 millions de francs. Face \u00e0 ce fonds BMVI, la r\u00e9sistance est n\u00e9cessaire.<\/p>\n\n<h2 class=\"wp-block-heading\" id=\"letting-die\">300 millions pour laisser mourir les personnes aux fronti\u00e8res ext\u00e9rieures de l\u2019Europe? <\/h2>\n\n<p>La violence, la mis\u00e8re et la mort sont devenues une r\u00e9alit\u00e9 quotidienne aux fronti\u00e8res ext\u00e9rieures de l\u2019Europe. Alors que les personnes privil\u00e9gi\u00e9es munies d\u2019un passeport ou d\u2019un visa circulent librement, les personnes en exil ou en migration sont bloqu\u00e9es. Aux fronti\u00e8res, elles sont priv\u00e9es de leurs droits, battues et expuls\u00e9es. La fermeture de l\u2019espace Schengen a d\u00e9j\u00e0 fait des dizaines de milliers de morts, et ce nombre augmente chaque jour. Malgr\u00e9 cela, le budget consacr\u00e9 au cloisonnement raciste continue d\u2019augmenter gr\u00e2ce \u00e0 l\u2019argent du fonds BMVI.<\/p>\n\n<h2 class=\"wp-block-heading\" id=\"fortress-europe\">300 millions pour isoler l\u2019Europe?<\/h2>\n\n<p>Les cl\u00f4tures et les murs aux fronti\u00e8res ext\u00e9rieures de l\u2019espace Schengen sont toujours plus longs, plus hauts et plus massifs. La police des fronti\u00e8res patrouille jour et nuit. Avions, h\u00e9licopt\u00e8res, v\u00e9hicules et bateaux militaires circulent en permanence. D\u2019innombrables donn\u00e9es sont analys\u00e9es par des drones, des cam\u00e9ras (thermiques), des d\u00e9tecteurs de mouvement ou des dirigeables d\u2019observation. L\u2019argent du fonds BMVI renforce cette militarisation des fronti\u00e8res. Avec les moyens du fonds pr\u00e9c\u00e9dent, Malte s\u2019est offert un nouvel avion de surveillance, la Croatie s\u2019est procur\u00e9 une brigade canine suppl\u00e9mentaire, l\u2019Italie a financ\u00e9 deux h\u00e9licopt\u00e8res, l\u2019Estonie un navire de patrouille, etc.<\/p>\n\n<h2 class=\"wp-block-heading\" id=\"police-brutality\">300 millions pour soutenir les violences polici\u00e8res?<\/h2>\n\n<p>La plus grande partie du fonds BMVI va aux \u00c9tats situ\u00e9s aux fronti\u00e8res ext\u00e9rieures de l\u2019espace Schengen. L\u2019ampleur de la violence et de la souffrance y augmente depuis des ann\u00e9es. En particulier l\u00e0 o\u00f9 les personnes racis\u00e9es, en exil ou migrantes, tentent de franchir la fronti\u00e8re. La police des fronti\u00e8res croate bat et torture les personnes en zone frontali\u00e8re. Les garde-c\u00f4tes grecs effectuent des pushbacks ill\u00e9gaux en mer \u00c9g\u00e9e. La police des fronti\u00e8res hongroise a \u00e9t\u00e9 condamn\u00e9e \u00e0 plusieurs reprises pour ses violations des droits humains. En M\u00e9diterran\u00e9e, les garde-c\u00f4tes italiens collaborent avec des seigneurs de guerre libyens qui forcent les personnes en exil ou en migration \u00e0 retourner dans des prisons de torture libyennes. L\u2019argent du fonds BMVI subventionne les violences polici\u00e8res au lieu de les abolir.<\/p>\n\n<h2 class=\"wp-block-heading\" id=\"racist-exclusion\">300 millions pour un syst\u00e8me d\u2019exclusion raciste?<\/h2>\n\n<p>L\u2019accord de Schengen subdivise le monde en un pr\u00e9tendu int\u00e9rieur et un pr\u00e9tendu ext\u00e9rieur. C\u2019est aux fronti\u00e8res ext\u00e9rieures que l\u2019on voit quelles vies sont consid\u00e9r\u00e9es comme dignes de protection dans le r\u00e9gime migratoire europ\u00e9en et lesquelles ne le sont pas. La libert\u00e9 de mouvement, l\u2019\u00e9galit\u00e9 des droits, la s\u00e9curit\u00e9 et la protection ne s\u2019appliquent qu\u2019aux personnes privil\u00e9gi\u00e9es \u00e0 l\u2019int\u00e9rieur de l\u2019espace Schengen. Les personnes qui fuient et migrent sont laiss\u00e9es pour mortes et h\u00e9berg\u00e9es dans des camps indignes. Les personnes racis\u00e9es qui cherchent une protection ou un avenir et qui souhaitent immigrer sont consid\u00e9r\u00e9es comme une menace. Il s\u2019agit d\u2019une exclusion \u00e0 caract\u00e8re raciste renforc\u00e9e par les moyens du fonds BMVI.<\/p>\n\n<h2 class=\"wp-block-heading\" id=\"colonial-continuities\">300 millions pour les continuit\u00e9s coloniales?<\/h2>\n\n<p>La prosp\u00e9rit\u00e9 europ\u00e9enne repose largement sur l\u2019exploitation du Sud global. Les \u00c9tats europ\u00e9ens d\u00e9truisent les bases de la vie et pillent les ressources des pays du Sud, exploitant les personnes racis\u00e9es et la nature. Ce mode de vie imp\u00e9rial est source de pauvret\u00e9, de crises et de guerres dans le Sud global. De nombreuses personnes sont contraintes de quitter leur pays d\u2019origine. Les continuit\u00e9s coloniales sont une cause majeure d\u2019exil et de migration. Le rapport colonial entre le Sud global et l\u2019Europe est visible aux fronti\u00e8res ext\u00e9rieures de l\u2019espace Schengen. Schengen est un instrument de pouvoir \u00e0 travers lequel l\u2019Europe impose ses int\u00e9r\u00eats \u00e9conomiques et maintient sa position privil\u00e9gi\u00e9e au sein du monde. L\u2019argent du fonds BMVI contribue \u00e0 p\u00e9renniser les rapports coloniaux.<\/p>\n\n<h2 class=\"wp-block-heading\" id=\"freedom-of-movement\">300 millions pour la libre circulation et la libert\u00e9 de rester pour tou\u00b7te\u00b7s.<\/h2>\n\n<p>\u00c0 cette politique europ\u00e9enne de la mort, nous opposons une politique pour tou\u00b7te\u00b7s. Une politique fond\u00e9e sur la libre circulation et la libert\u00e9 de rester pour tou\u00b7te\u00b7s, permettant des formes plus collectives de cohabitation. Une politique qui abolit et surmonte les fronti\u00e8res, les exclusions en fonction de la nationalit\u00e9, les rapports racistes entre \u00abnous\u00bb et \u00ables autres\u00bb ainsi que les continuit\u00e9s coloniales. La libert\u00e9 de rester signifie aussi que les personnes ne sont pas oblig\u00e9es de partir. Il faut donc lutter contre les rapports d\u2019exploitation coloniaux, la destruction du climat et l\u2019exploitation des mati\u00e8res premi\u00e8res: 300 millions pour une soci\u00e9t\u00e9 solidaire et \u00e9galitaire!<\/p>\n\n<h2 class=\"wp-block-heading\" id=\"climate-justice\">300 millions pour la justice climatique.<\/h2>\n\n<p>Dans le monde, les crises climatiques et les catastrophes environnementales d\u00e9placent plus de personnes que les violences et les conflits. La migration est souvent la derni\u00e8re option possible pour s\u2019adapter aux cons\u00e9quences du changement climatique. Malgr\u00e9 cela, la politique dominante refuse de se donner des objectifs appropri\u00e9s en mati\u00e8re de politique climatique et de verser des compensations et des r\u00e9parations. Celles-ci permettraient pourtant d\u2019att\u00e9nuer la crise climatique et de s\u2019adapter \u00e0 ses cons\u00e9quences. Pour garantir le droit de rester, il faut pr\u00e9server et prot\u00e9ger les bases de vie de tous les \u00eatres humains, au lieu de d\u00e9velopper un dispositif mortel aux fronti\u00e8res. Les privil\u00e8ges de quelques-uns ne doivent pas primer sur l\u2019avenir du plus grand nombre. La justice climatique inclut donc aussi l\u2019antiracisme, la libre circulation et la libert\u00e9 de rester pour tou\u00b7te\u00b7s.<\/p>\n","protected":false},"excerpt":{"rendered":"<p>Arguments Arguments L\u2019argent du fonds BMVI finance la politique de cloisonnement de l\u2019Europe Au total, les \u00c9tats Schengen ont vers\u00e9 6,24 milliards d\u2019euros dans le fonds BMVI (Border Management and Visa Policy Instrument). De 2021 \u00e0 2027, ce fonds permettra de financer de nouveaux projets de d\u00e9fense des fronti\u00e8res. Le fonds BMVI est le troisi\u00e8me [&hellip;]<\/p>\n","protected":false},"author":1,"featured_media":0,"parent":184,"menu_order":0,"comment_status":"closed","ping_status":"closed","template":"blank","meta":{"inline_featured_image":false,"footnotes":""},"class_list":["post-148","page","type-page","status-publish","hentry"],"_links":{"self":[{"href":"https:\/\/bewegungsfreiheit.ch\/fr\/wp-json\/wp\/v2\/pages\/148","targetHints":{"allow":["GET"]}}],"collection":[{"href":"https:\/\/bewegungsfreiheit.ch\/fr\/wp-json\/wp\/v2\/pages"}],"about":[{"href":"https:\/\/bewegungsfreiheit.ch\/fr\/wp-json\/wp\/v2\/types\/page"}],"author":[{"embeddable":true,"href":"https:\/\/bewegungsfreiheit.ch\/fr\/wp-json\/wp\/v2\/users\/1"}],"replies":[{"embeddable":true,"href":"https:\/\/bewegungsfreiheit.ch\/fr\/wp-json\/wp\/v2\/comments?post=148"}],"version-history":[{"count":13,"href":"https:\/\/bewegungsfreiheit.ch\/fr\/wp-json\/wp\/v2\/pages\/148\/revisions"}],"predecessor-version":[{"id":642,"href":"https:\/\/bewegungsfreiheit.ch\/fr\/wp-json\/wp\/v2\/pages\/148\/revisions\/642"}],"up":[{"embeddable":true,"href":"https:\/\/bewegungsfreiheit.ch\/fr\/wp-json\/wp\/v2\/pages\/184"}],"wp:attachment":[{"href":"https:\/\/bewegungsfreiheit.ch\/fr\/wp-json\/wp\/v2\/media?parent=148"}],"curies":[{"name":"wp","href":"https:\/\/api.w.org\/{rel}","templated":true}]}}